{"id":11,"date":"2019-09-07T21:46:48","date_gmt":"2019-09-07T19:46:48","guid":{"rendered":"http:\/\/herbert-pagels.de\/wp\/?page_id=11"},"modified":"2023-06-27T14:48:03","modified_gmt":"2023-06-27T12:48:03","slug":"behandlung","status":"publish","type":"page","link":"https:\/\/herbert-pagels.de\/wp\/behandlung\/","title":{"rendered":"Behandlung"},"content":{"rendered":"\t\t<div data-elementor-type=\"wp-post\" data-elementor-id=\"11\" class=\"elementor elementor-11\" data-elementor-settings=\"[]\">\n\t\t\t\t\t\t<div class=\"elementor-inner\">\n\t\t\t\t\t\t\t<div class=\"elementor-section-wrap\">\n\t\t\t\t\t\t\t<section class=\"elementor-section elementor-top-section elementor-element elementor-element-14ff0aa elementor-section-boxed elementor-section-height-default elementor-section-height-default\" data-id=\"14ff0aa\" data-element_type=\"section\">\n\t\t\t\t\t\t<div class=\"elementor-container elementor-column-gap-default\">\n\t\t\t\t\t\t\t<div class=\"elementor-row\">\n\t\t\t\t\t<div class=\"elementor-column elementor-col-100 elementor-top-column elementor-element elementor-element-0e8c1c0\" data-id=\"0e8c1c0\" data-element_type=\"column\">\n\t\t\t<div class=\"elementor-column-wrap elementor-element-populated\">\n\t\t\t\t\t\t\t<div class=\"elementor-widget-wrap\">\n\t\t\t\t\t\t<div class=\"elementor-element elementor-element-476e24b elementor-widget elementor-widget-spacer\" data-id=\"476e24b\" data-element_type=\"widget\" data-widget_type=\"spacer.default\">\n\t\t\t\t<div class=\"elementor-widget-container\">\n\t\t\t\t\t<div class=\"elementor-spacer\">\n\t\t\t<div class=\"elementor-spacer-inner\"><\/div>\n\t\t<\/div>\n\t\t\t\t<\/div>\n\t\t\t\t<\/div>\n\t\t\t\t\t\t<\/div>\n\t\t\t\t\t<\/div>\n\t\t<\/div>\n\t\t\t\t\t\t\t\t<\/div>\n\t\t\t\t\t<\/div>\n\t\t<\/section>\n\t\t\t\t<section class=\"elementor-section elementor-top-section elementor-element elementor-element-4e1d1c5 elementor-section-boxed elementor-section-height-default elementor-section-height-default\" data-id=\"4e1d1c5\" data-element_type=\"section\">\n\t\t\t\t\t\t<div class=\"elementor-container elementor-column-gap-default\">\n\t\t\t\t\t\t\t<div class=\"elementor-row\">\n\t\t\t\t\t<div class=\"elementor-column elementor-col-100 elementor-top-column elementor-element elementor-element-21d78ee\" data-id=\"21d78ee\" data-element_type=\"column\">\n\t\t\t<div class=\"elementor-column-wrap elementor-element-populated\">\n\t\t\t\t\t\t\t<div class=\"elementor-widget-wrap\">\n\t\t\t\t\t\t<div class=\"elementor-element elementor-element-52821a7 elementor-widget elementor-widget-heading\" data-id=\"52821a7\" data-element_type=\"widget\" data-widget_type=\"heading.default\">\n\t\t\t\t<div class=\"elementor-widget-container\">\n\t\t\t<h2 class=\"elementor-heading-title elementor-size-default\">Behandlung<\/h2>\t\t<\/div>\n\t\t\t\t<\/div>\n\t\t\t\t\t\t<\/div>\n\t\t\t\t\t<\/div>\n\t\t<\/div>\n\t\t\t\t\t\t\t\t<\/div>\n\t\t\t\t\t<\/div>\n\t\t<\/section>\n\t\t\t\t<section class=\"elementor-section elementor-top-section elementor-element elementor-element-153ca5d elementor-section-boxed elementor-section-height-default elementor-section-height-default\" data-id=\"153ca5d\" data-element_type=\"section\">\n\t\t\t\t\t\t<div class=\"elementor-container elementor-column-gap-default\">\n\t\t\t\t\t\t\t<div class=\"elementor-row\">\n\t\t\t\t\t<div class=\"elementor-column elementor-col-50 elementor-top-column elementor-element elementor-element-9da3945\" data-id=\"9da3945\" data-element_type=\"column\">\n\t\t\t<div class=\"elementor-column-wrap elementor-element-populated\">\n\t\t\t\t\t\t\t<div class=\"elementor-widget-wrap\">\n\t\t\t\t\t\t<div class=\"elementor-element elementor-element-648c611 elementor-widget elementor-widget-image\" data-id=\"648c611\" data-element_type=\"widget\" data-widget_type=\"image.default\">\n\t\t\t\t<div class=\"elementor-widget-container\">\n\t\t\t\t\t\t\t\t<div class=\"elementor-image\">\n\t\t\t\t\t\t\t\t\t\t\t\t<img width=\"225\" height=\"300\" src=\"https:\/\/herbert-pagels.de\/wp\/wp-content\/uploads\/2021\/07\/Homepage-2-225x300.jpeg\" class=\"attachment-medium size-medium\" alt=\"\" loading=\"lazy\" srcset=\"https:\/\/herbert-pagels.de\/wp\/wp-content\/uploads\/2021\/07\/Homepage-2-225x300.jpeg 225w, https:\/\/herbert-pagels.de\/wp\/wp-content\/uploads\/2021\/07\/Homepage-2-768x1024.jpeg 768w, https:\/\/herbert-pagels.de\/wp\/wp-content\/uploads\/2021\/07\/Homepage-2-1152x1536.jpeg 1152w, https:\/\/herbert-pagels.de\/wp\/wp-content\/uploads\/2021\/07\/Homepage-2-1536x2048.jpeg 1536w, https:\/\/herbert-pagels.de\/wp\/wp-content\/uploads\/2021\/07\/Homepage-2-scaled.jpeg 1920w\" sizes=\"(max-width: 225px) 100vw, 225px\" \/>\t\t\t\t\t\t\t\t\t\t\t\t\t\t<\/div>\n\t\t\t\t\t\t<\/div>\n\t\t\t\t<\/div>\n\t\t\t\t\t\t<\/div>\n\t\t\t\t\t<\/div>\n\t\t<\/div>\n\t\t\t\t<div class=\"elementor-column elementor-col-50 elementor-top-column elementor-element elementor-element-c3810af\" data-id=\"c3810af\" data-element_type=\"column\">\n\t\t\t<div class=\"elementor-column-wrap elementor-element-populated\">\n\t\t\t\t\t\t\t<div class=\"elementor-widget-wrap\">\n\t\t\t\t\t\t<div class=\"elementor-element elementor-element-75d6d6d elementor-widget elementor-widget-spacer\" data-id=\"75d6d6d\" data-element_type=\"widget\" data-widget_type=\"spacer.default\">\n\t\t\t\t<div class=\"elementor-widget-container\">\n\t\t\t\t\t<div class=\"elementor-spacer\">\n\t\t\t<div class=\"elementor-spacer-inner\"><\/div>\n\t\t<\/div>\n\t\t\t\t<\/div>\n\t\t\t\t<\/div>\n\t\t\t\t\t\t<\/div>\n\t\t\t\t\t<\/div>\n\t\t<\/div>\n\t\t\t\t\t\t\t\t<\/div>\n\t\t\t\t\t<\/div>\n\t\t<\/section>\n\t\t\t\t<section class=\"elementor-section elementor-top-section elementor-element elementor-element-086b855 elementor-section-boxed elementor-section-height-default elementor-section-height-default\" data-id=\"086b855\" data-element_type=\"section\">\n\t\t\t\t\t\t<div class=\"elementor-container elementor-column-gap-default\">\n\t\t\t\t\t\t\t<div class=\"elementor-row\">\n\t\t\t\t\t<div class=\"elementor-column elementor-col-100 elementor-top-column elementor-element elementor-element-8effeb6\" data-id=\"8effeb6\" data-element_type=\"column\">\n\t\t\t<div class=\"elementor-column-wrap elementor-element-populated\">\n\t\t\t\t\t\t\t<div class=\"elementor-widget-wrap\">\n\t\t\t\t\t\t<div class=\"elementor-element elementor-element-9f7aac3 elementor-widget elementor-widget-text-editor\" data-id=\"9f7aac3\" data-element_type=\"widget\" data-widget_type=\"text-editor.default\">\n\t\t\t\t<div class=\"elementor-widget-container\">\n\t\t\t\t\t\t\t\t<div class=\"elementor-text-editor elementor-clearfix\">\n\t\t\t\t\t<p><b>&nbsp;<\/b><\/p>\n<p><b>Schwerpunkte :<\/b><\/p>\n<p>&#8211; \u00c3ngste und Panikattacken<br><span style=\"font-size: 14px;\">&#8211; Selbstwertprobleme, Selbstunsicherheit<br><\/span><span style=\"font-size: 14px;\">&#8211; Depressionen<br><\/span><span style=\"font-size: 14px;\">&#8211; Zwangsgedanken, Zwangshandlungen<br><\/span><span style=\"font-size: 14px;\">&#8211; Schlafprobleme<br>&#8211;&nbsp;<\/span><span style=\"font-size: 14px;\">Psychosomatische Beschwerden<br><\/span><span style=\"font-size: 14px;\">&#8211; Chronische Schmerzen<br><\/span><span style=\"font-size: 14px;\">&#8211; Burn &#8211; Out<\/span><span style=\"font-size: 14px;\"><br><\/span><span style=\"font-size: 14px;\">&#8211; Lebenskrisen<br><\/span><span style=\"font-size: 14px;\">&#8211; Reaktionen auf schwere Belastungen und Anpassungsst\u00f6rungen<\/span><\/p>\n<p><span style=\"font-size: 14px;\">&nbsp;<\/span><\/p>\n<p><b>Methoden und Arbeitsweisen :&nbsp;<\/b><\/p>\n<p><span style=\"font-size: 14px;\">Die Basis meiner therapeutischen Arbeit bilden mehrj\u00e4hrige Ausbildungen in bew\u00e4hrten und wissenschaftlich anerkannten Therapieverfahren ( siehe Vita ) sowie jahrzehntelange berufspraktische Erfahrungen.<\/span><\/p>\n<p><span style=\"font-size: 14px;\">Mein therapeutisches Vorgehen richtet sich nach der spezifischen Situation der Klienten. Sehr oft arbeite ich einzeltherapeutisch systemisch oder auch mit einem multimodalen Ansatz und verwende Elemente der kognitiven Verhaltenstherapie ( ACT : Akzeptanz &#8211; und Commitmenttherapie ), klinischen Hypnose und energetischen Psychotherapie.<\/span><\/p>\n\n<p><span style=\"font-size: 14px;\">Dabei leitet mich das Motto : &#8222;Gehe mit den Menschen so um, wie Du selbst gerne h\u00e4ttest, dass man mit Dir umgeht, insbesondere dann, wenn Du auf das Wohlwollen anderer angewiesen bist&#8220;&nbsp;&nbsp;<\/span><span style=\"font-size: 14px;\">( Dr. Gunther Schmidt, MEG Heidelberg ).<\/span><\/p>\n<p><span style=\"font-size: 14px;\">Das bedeutet, dass ich mich bem\u00fche, in einer vertrauensvollen und behaglichen Atmosph\u00e4re, ressourcen &#8211; und l\u00f6sungsorientiert dem jeweils eigenen Bezugsrahmen und dem eigenen inneren Tempo der Klienten folgend, mit diesen Schritt f\u00fcr Schritt Verbesserungen und L\u00f6sungen zu finden.<\/span><\/p>\n<p><span style=\"font-size: 14px;\">Dabei steht das Ziel einer m\u00f6glichst baldigen Problembeseitigung oder -linderung im Vordergrund.<\/span><\/p>\n<p><\/p>\t\t\t\t\t<\/div>\n\t\t\t\t\t\t<\/div>\n\t\t\t\t<\/div>\n\t\t\t\t\t\t<\/div>\n\t\t\t\t\t<\/div>\n\t\t<\/div>\n\t\t\t\t\t\t\t\t<\/div>\n\t\t\t\t\t<\/div>\n\t\t<\/section>\n\t\t\t\t<section class=\"elementor-section elementor-top-section elementor-element elementor-element-75a5966 elementor-section-boxed elementor-section-height-default elementor-section-height-default\" data-id=\"75a5966\" data-element_type=\"section\">\n\t\t\t\t\t\t<div class=\"elementor-container elementor-column-gap-default\">\n\t\t\t\t\t\t\t<div class=\"elementor-row\">\n\t\t\t\t\t<div class=\"elementor-column elementor-col-100 elementor-top-column elementor-element elementor-element-b5c12e9\" data-id=\"b5c12e9\" data-element_type=\"column\">\n\t\t\t<div class=\"elementor-column-wrap elementor-element-populated\">\n\t\t\t\t\t\t\t<div class=\"elementor-widget-wrap\">\n\t\t\t\t\t\t<div class=\"elementor-element elementor-element-166581a elementor-widget elementor-widget-spacer\" data-id=\"166581a\" data-element_type=\"widget\" data-widget_type=\"spacer.default\">\n\t\t\t\t<div class=\"elementor-widget-container\">\n\t\t\t\t\t<div class=\"elementor-spacer\">\n\t\t\t<div class=\"elementor-spacer-inner\"><\/div>\n\t\t<\/div>\n\t\t\t\t<\/div>\n\t\t\t\t<\/div>\n\t\t\t\t\t\t<\/div>\n\t\t\t\t\t<\/div>\n\t\t<\/div>\n\t\t\t\t\t\t\t\t<\/div>\n\t\t\t\t\t<\/div>\n\t\t<\/section>\n\t\t\t\t<section class=\"elementor-section elementor-top-section elementor-element elementor-element-dd76e4e elementor-section-boxed elementor-section-height-default elementor-section-height-default\" data-id=\"dd76e4e\" data-element_type=\"section\">\n\t\t\t\t\t\t<div class=\"elementor-container elementor-column-gap-default\">\n\t\t\t\t\t\t\t<div class=\"elementor-row\">\n\t\t\t\t\t<div class=\"elementor-column elementor-col-100 elementor-top-column elementor-element elementor-element-65e9968\" data-id=\"65e9968\" data-element_type=\"column\">\n\t\t\t<div class=\"elementor-column-wrap\">\n\t\t\t\t\t\t\t<div class=\"elementor-widget-wrap\">\n\t\t\t\t\t\t\t\t<\/div>\n\t\t\t\t\t<\/div>\n\t\t<\/div>\n\t\t\t\t\t\t\t\t<\/div>\n\t\t\t\t\t<\/div>\n\t\t<\/section>\n\t\t\t\t<section class=\"elementor-section elementor-top-section elementor-element elementor-element-a234f8d elementor-section-boxed elementor-section-height-default elementor-section-height-default\" data-id=\"a234f8d\" data-element_type=\"section\">\n\t\t\t\t\t\t<div class=\"elementor-container elementor-column-gap-default\">\n\t\t\t\t\t\t\t<div class=\"elementor-row\">\n\t\t\t\t\t<div class=\"elementor-column elementor-col-100 elementor-top-column elementor-element elementor-element-d98b423\" data-id=\"d98b423\" data-element_type=\"column\">\n\t\t\t<div class=\"elementor-column-wrap\">\n\t\t\t\t\t\t\t<div class=\"elementor-widget-wrap\">\n\t\t\t\t\t\t\t\t<\/div>\n\t\t\t\t\t<\/div>\n\t\t<\/div>\n\t\t\t\t\t\t\t\t<\/div>\n\t\t\t\t\t<\/div>\n\t\t<\/section>\n\t\t\t\t\t\t<\/div>\n\t\t\t\t\t\t<\/div>\n\t\t\t\t\t<\/div>\n\t\t","protected":false},"excerpt":{"rendered":"<p>Behandlung &nbsp; Schwerpunkte : &#8211; \u00c3ngste und Panikattacken&#8211; Selbstwertprobleme, Selbstunsicherheit&#8211; Depressionen&#8211; Zwangsgedanken, Zwangshandlungen&#8211; Schlafprobleme&#8211;&nbsp;Psychosomatische Beschwerden&#8211; Chronische Schmerzen&#8211; Burn &#8211; Out&#8211; Lebenskrisen&#8211; Reaktionen auf schwere Belastungen und Anpassungsst\u00f6rungen &nbsp; Methoden und Arbeitsweisen :&nbsp; Die Basis meiner therapeutischen Arbeit bilden mehrj\u00e4hrige Ausbildungen in bew\u00e4hrten und wissenschaftlich anerkannten Therapieverfahren ( siehe Vita ) sowie jahrzehntelange berufspraktische Erfahrungen. Mein [&hellip;]<\/p>\n","protected":false},"author":1,"featured_media":0,"parent":0,"menu_order":0,"comment_status":"closed","ping_status":"closed","template":"","meta":[],"_links":{"self":[{"href":"https:\/\/herbert-pagels.de\/wp\/wp-json\/wp\/v2\/pages\/11"}],"collection":[{"href":"https:\/\/herbert-pagels.de\/wp\/wp-json\/wp\/v2\/pages"}],"about":[{"href":"https:\/\/herbert-pagels.de\/wp\/wp-json\/wp\/v2\/types\/page"}],"author":[{"embeddable":true,"href":"https:\/\/herbert-pagels.de\/wp\/wp-json\/wp\/v2\/users\/1"}],"replies":[{"embeddable":true,"href":"https:\/\/herbert-pagels.de\/wp\/wp-json\/wp\/v2\/comments?post=11"}],"version-history":[{"count":21,"href":"https:\/\/herbert-pagels.de\/wp\/wp-json\/wp\/v2\/pages\/11\/revisions"}],"predecessor-version":[{"id":170,"href":"https:\/\/herbert-pagels.de\/wp\/wp-json\/wp\/v2\/pages\/11\/revisions\/170"}],"wp:attachment":[{"href":"https:\/\/herbert-pagels.de\/wp\/wp-json\/wp\/v2\/media?parent=11"}],"curies":[{"name":"wp","href":"https:\/\/api.w.org\/{rel}","templated":true}]}}